{"id":1222,"date":"2023-08-25T15:52:33","date_gmt":"2023-08-25T14:52:33","guid":{"rendered":"https:\/\/alamine.moncaisse.com\/?post_type=product&#038;p=1222"},"modified":"2024-05-06T07:09:34","modified_gmt":"2024-05-06T06:09:34","slug":"cafe-americain-aromatise","status":"publish","type":"product","link":"https:\/\/alamine.moncaisse.com\/?product=cafe-americain-aromatise","title":{"rendered":"Caf\u00e9 S\u00e9par\u00e8"},"content":{"rendered":"","protected":false},"excerpt":{"rendered":"","protected":false},"featured_media":1261,"template":"","meta":[],"product_cat":[32],"product_tag":[],"_links":{"self":[{"href":"https:\/\/alamine.moncaisse.com\/index.php?rest_route=\/wp\/v2\/product\/1222"}],"collection":[{"href":"https:\/\/alamine.moncaisse.com\/index.php?rest_route=\/wp\/v2\/product"}],"about":[{"href":"https:\/\/alamine.moncaisse.com\/index.php?rest_route=\/wp\/v2\/types\/product"}],"wp:featuredmedia":[{"embeddable":true,"href":"https:\/\/alamine.moncaisse.com\/index.php?rest_route=\/wp\/v2\/media\/1261"}],"wp:attachment":[{"href":"https:\/\/alamine.moncaisse.com\/index.php?rest_route=%2Fwp%2Fv2%2Fmedia&parent=1222"}],"wp:term":[{"taxonomy":"product_cat","embeddable":true,"href":"https:\/\/alamine.moncaisse.com\/index.php?rest_route=%2Fwp%2Fv2%2Fproduct_cat&post=1222"},{"taxonomy":"product_tag","embeddable":true,"href":"https:\/\/alamine.moncaisse.com\/index.php?rest_route=%2Fwp%2Fv2%2Fproduct_tag&post=1222"}],"curies":[{"name":"wp","href":"https:\/\/api.w.org\/{rel}","templated":true}]}}